{"id":2,"date":"2023-03-03T16:35:16","date_gmt":"2023-03-03T16:35:16","guid":{"rendered":"http:\/\/www.alamostudio.pl\/?page_id=2"},"modified":"2023-04-19T17:42:31","modified_gmt":"2023-04-19T17:42:31","slug":"sample-page","status":"publish","type":"page","link":"http:\/\/www.alamostudio.pl\/","title":{"rendered":"Home"},"content":{"rendered":"\t\t<div data-elementor-type=\"wp-page\" data-elementor-id=\"2\" class=\"elementor elementor-2\">\n\t\t\t\t\t\t\t\t\t<section class=\"elementor-section elementor-top-section elementor-element elementor-element-c90c2b5 elementor-section-boxed elementor-section-height-default elementor-section-height-default\" data-id=\"c90c2b5\" data-element_type=\"section\">\n\t\t\t\t\t\t<div class=\"elementor-container elementor-column-gap-default\">\n\t\t\t\t\t<div class=\"elementor-column elementor-col-100 elementor-top-column elementor-element elementor-element-134cfa8\" data-id=\"134cfa8\" data-element_type=\"column\">\n\t\t\t<div class=\"elementor-widget-wrap elementor-element-populated\">\n\t\t\t\t\t\t\t\t<div class=\"elementor-element elementor-element-f40aed0 elementor-widget elementor-widget-heading\" data-id=\"f40aed0\" data-element_type=\"widget\" data-widget_type=\"heading.default\">\n\t\t\t\t<div class=\"elementor-widget-container\">\n\t\t\t<style>\/*! elementor - v3.12.1 - 02-04-2023 *\/\n.elementor-heading-title{padding:0;margin:0;line-height:1}.elementor-widget-heading .elementor-heading-title[class*=elementor-size-]>a{color:inherit;font-size:inherit;line-height:inherit}.elementor-widget-heading .elementor-heading-title.elementor-size-small{font-size:15px}.elementor-widget-heading .elementor-heading-title.elementor-size-medium{font-size:19px}.elementor-widget-heading .elementor-heading-title.elementor-size-large{font-size:29px}.elementor-widget-heading .elementor-heading-title.elementor-size-xl{font-size:39px}.elementor-widget-heading .elementor-heading-title.elementor-size-xxl{font-size:59px}<\/style><h2 class=\"elementor-heading-title elementor-size-default\">O nas - ALAMO STUDIO<\/h2>\t\t<\/div>\n\t\t\t\t<\/div>\n\t\t\t\t\t<\/div>\n\t\t<\/div>\n\t\t\t\t\t\t\t<\/div>\n\t\t<\/section>\n\t\t\t\t<section class=\"elementor-section elementor-top-section elementor-element elementor-element-7cd0d773 elementor-section-boxed elementor-section-height-default elementor-section-height-default\" data-id=\"7cd0d773\" data-element_type=\"section\">\n\t\t\t\t\t\t<div class=\"elementor-container elementor-column-gap-default\">\n\t\t\t\t\t<div class=\"elementor-column elementor-col-100 elementor-top-column elementor-element elementor-element-590fea39\" data-id=\"590fea39\" data-element_type=\"column\">\n\t\t\t<div class=\"elementor-widget-wrap elementor-element-populated\">\n\t\t\t\t\t\t\t\t<div class=\"elementor-element elementor-element-1efc464d elementor-widget elementor-widget-text-editor\" data-id=\"1efc464d\" data-element_type=\"widget\" data-widget_type=\"text-editor.default\">\n\t\t\t\t<div class=\"elementor-widget-container\">\n\t\t\t<style>\/*! elementor - v3.12.1 - 02-04-2023 *\/\n.elementor-widget-text-editor.elementor-drop-cap-view-stacked .elementor-drop-cap{background-color:#69727d;color:#fff}.elementor-widget-text-editor.elementor-drop-cap-view-framed .elementor-drop-cap{color:#69727d;border:3px solid;background-color:transparent}.elementor-widget-text-editor:not(.elementor-drop-cap-view-default) .elementor-drop-cap{margin-top:8px}.elementor-widget-text-editor:not(.elementor-drop-cap-view-default) .elementor-drop-cap-letter{width:1em;height:1em}.elementor-widget-text-editor .elementor-drop-cap{float:left;text-align:center;line-height:1;font-size:50px}.elementor-widget-text-editor .elementor-drop-cap-letter{display:inline-block}<\/style>\t\t\t\t<p>Od pocz\u0105tku istnienia naszej marki skupiamy si\u0119 na obs\u0142udze dostaw, odpowiadaj\u0105c tym samym na specyficzne potrzeby i oczekiwania rynku gastronomicznego, w szczeg\u00f3lno\u015bci lokali oferuj\u0105cych posi\u0142ki na wynos.<br \/><br \/>Dostawy obs\u0142ugujemy pracuj\u0105c w oparciu o model outsourcingu pracowniczego, w ramach kt\u00f3rego wsp\u00f3\u0142pracuj\u0105ce z nami lokale i punkty gastronomiczne uzyskuj\u0105 do swojej dyspozycji do\u015bwiadczonych kierowc\u00f3w o wysokiej kulturze osobistej oraz sprz\u0119t niezb\u0119dny do realizacji dostaw na wskazanym obszarze.<\/p>\t\t\t\t\t\t<\/div>\n\t\t\t\t<\/div>\n\t\t\t\t\t<\/div>\n\t\t<\/div>\n\t\t\t\t\t\t\t<\/div>\n\t\t<\/section>\n\t\t\t\t<section class=\"elementor-section elementor-top-section elementor-element elementor-element-7d74e5c elementor-section-boxed elementor-section-height-default elementor-section-height-default\" data-id=\"7d74e5c\" data-element_type=\"section\" data-settings=\"{&quot;background_background&quot;:&quot;gradient&quot;}\">\n\t\t\t\t\t\t<div class=\"elementor-container elementor-column-gap-default\">\n\t\t\t\t\t<div class=\"elementor-column elementor-col-50 elementor-top-column elementor-element elementor-element-565cac7\" data-id=\"565cac7\" data-element_type=\"column\">\n\t\t\t<div class=\"elementor-widget-wrap elementor-element-populated\">\n\t\t\t\t\t\t\t\t<div class=\"elementor-element elementor-element-16f4784 elementor-widget elementor-widget-image\" data-id=\"16f4784\" data-element_type=\"widget\" data-widget_type=\"image.default\">\n\t\t\t\t<div class=\"elementor-widget-container\">\n\t\t\t<style>\/*! elementor - v3.12.1 - 02-04-2023 *\/\n.elementor-widget-image{text-align:center}.elementor-widget-image a{display:inline-block}.elementor-widget-image a img[src$=\".svg\"]{width:48px}.elementor-widget-image img{vertical-align:middle;display:inline-block}<\/style>\t\t\t\t\t\t\t\t\t\t\t\t<img decoding=\"async\" width=\"770\" height=\"463\" src=\"http:\/\/www.alamostudio.pl\/wp-content\/uploads\/2023\/03\/1602681902387-2.jpg\" class=\"attachment-large size-large wp-image-51\" alt=\"\" loading=\"lazy\" srcset=\"http:\/\/www.alamostudio.pl\/wp-content\/uploads\/2023\/03\/1602681902387-2.jpg 770w, http:\/\/www.alamostudio.pl\/wp-content\/uploads\/2023\/03\/1602681902387-2-300x180.jpg 300w, http:\/\/www.alamostudio.pl\/wp-content\/uploads\/2023\/03\/1602681902387-2-768x462.jpg 768w\" sizes=\"(max-width: 770px) 100vw, 770px\" \/>\t\t\t\t\t\t\t\t\t\t\t\t\t\t\t<\/div>\n\t\t\t\t<\/div>\n\t\t\t\t\t<\/div>\n\t\t<\/div>\n\t\t\t\t<div class=\"elementor-column elementor-col-50 elementor-top-column elementor-element elementor-element-e3a0e34\" data-id=\"e3a0e34\" data-element_type=\"column\">\n\t\t\t<div class=\"elementor-widget-wrap elementor-element-populated\">\n\t\t\t\t\t\t\t\t<div class=\"elementor-element elementor-element-a6d9f50 elementor-widget elementor-widget-image\" data-id=\"a6d9f50\" data-element_type=\"widget\" data-widget_type=\"image.default\">\n\t\t\t\t<div class=\"elementor-widget-container\">\n\t\t\t\t\t\t\t\t\t\t\t\t\t\t\t<img decoding=\"async\" width=\"777\" height=\"470\" src=\"http:\/\/www.alamostudio.pl\/wp-content\/uploads\/2023\/03\/1602681902403-1.jpg\" class=\"attachment-large size-large wp-image-52\" alt=\"\" loading=\"lazy\" srcset=\"http:\/\/www.alamostudio.pl\/wp-content\/uploads\/2023\/03\/1602681902403-1.jpg 777w, http:\/\/www.alamostudio.pl\/wp-content\/uploads\/2023\/03\/1602681902403-1-300x181.jpg 300w, http:\/\/www.alamostudio.pl\/wp-content\/uploads\/2023\/03\/1602681902403-1-768x465.jpg 768w\" sizes=\"(max-width: 777px) 100vw, 777px\" \/>\t\t\t\t\t\t\t\t\t\t\t\t\t\t\t<\/div>\n\t\t\t\t<\/div>\n\t\t\t\t\t<\/div>\n\t\t<\/div>\n\t\t\t\t\t\t\t<\/div>\n\t\t<\/section>\n\t\t\t\t<section class=\"elementor-section elementor-top-section elementor-element elementor-element-4b88ef8 elementor-section-boxed elementor-section-height-default elementor-section-height-default\" data-id=\"4b88ef8\" data-element_type=\"section\">\n\t\t\t\t\t\t<div class=\"elementor-container elementor-column-gap-default\">\n\t\t\t\t\t<div class=\"elementor-column elementor-col-100 elementor-top-column elementor-element elementor-element-54e1c02\" data-id=\"54e1c02\" data-element_type=\"column\">\n\t\t\t<div class=\"elementor-widget-wrap elementor-element-populated\">\n\t\t\t\t\t\t\t\t<div class=\"elementor-element elementor-element-d9dd8fd elementor-widget elementor-widget-text-editor\" data-id=\"d9dd8fd\" data-element_type=\"widget\" data-widget_type=\"text-editor.default\">\n\t\t\t\t<div class=\"elementor-widget-container\">\n\t\t\t\t\t\t\t<p>Dzia\u0142amy na bardzo dynamicznym rynku charakteryzuj\u0105cym si\u0119 wysok\u0105 sezonowo\u015bci\u0105 sprzeda\u017cy i zmienn\u0105 ofert\u0105. To wymaga od nas elastycznego podej\u015bcia do modelu wsp\u00f3\u0142pracy biznesowej, kt\u00f3ry ka\u017cdorazowo tworzymy wsp\u00f3lnie z Klientem tak, \u017ceby jak najlepiej odpowiada\u0142 potrzebom danego lokalu lub sieci lokali gastronomicznych. Na ka\u017cdym etapie wsp\u00f3\u0142pracy umo\u017cliwiamy redukcj\u0119 lub zwi\u0119kszenie liczby przypisanych dostawc\u00f3w adekwatnie do bie\u017c\u0105cego zapotrzebowania, co jest szczeg\u00f3lnie wygodne z perspektywy sezonowo\u015bci sprzeda\u017cy, a jednocze\u015bnie korzystne dla marek sukcesywnie wzbogacaj\u0105cych swoje menu da\u0144 na wynos.\u00a0<\/p><p>W ramach przyj\u0119tego og\u00f3lnego modelu outsourcingowego ka\u017cdy z naszych Partner\u00f3w otrzymuje do dyspozycji konkretnego pracownika lub pracownik\u00f3w wyposa\u017conych w odpowiedni sprz\u0119t. To pozwala wypracowa\u0107 pewne powtarzalne wzorce obs\u0142ugi dostaw, co przek\u0142ada si\u0119 na satysfakcj\u0119 klient\u00f3w ko\u0144cowych oraz jeszcze wy\u017csz\u0105 wydajno\u015b\u0107 dostawc\u00f3w.\u00a0<\/p>\t\t\t\t\t\t<\/div>\n\t\t\t\t<\/div>\n\t\t\t\t\t<\/div>\n\t\t<\/div>\n\t\t\t\t\t\t\t<\/div>\n\t\t<\/section>\n\t\t\t\t<section class=\"elementor-section elementor-top-section elementor-element elementor-element-73dbac9 elementor-section-boxed elementor-section-height-default elementor-section-height-default\" data-id=\"73dbac9\" data-element_type=\"section\" data-settings=\"{&quot;background_background&quot;:&quot;gradient&quot;}\">\n\t\t\t\t\t\t<div class=\"elementor-container elementor-column-gap-default\">\n\t\t\t\t\t<div class=\"elementor-column elementor-col-100 elementor-top-column elementor-element elementor-element-4cbfde1\" data-id=\"4cbfde1\" data-element_type=\"column\">\n\t\t\t<div class=\"elementor-widget-wrap elementor-element-populated\">\n\t\t\t\t\t\t\t\t<section class=\"elementor-section elementor-inner-section elementor-element elementor-element-177b9d0 elementor-section-boxed elementor-section-height-default elementor-section-height-default\" data-id=\"177b9d0\" data-element_type=\"section\">\n\t\t\t\t\t\t<div class=\"elementor-container elementor-column-gap-default\">\n\t\t\t\t\t<div class=\"elementor-column elementor-col-50 elementor-inner-column elementor-element elementor-element-68c3db6\" data-id=\"68c3db6\" data-element_type=\"column\">\n\t\t\t<div class=\"elementor-widget-wrap elementor-element-populated\">\n\t\t\t\t\t\t\t\t<div class=\"elementor-element elementor-element-43554f1 elementor-widget elementor-widget-image\" data-id=\"43554f1\" data-element_type=\"widget\" data-widget_type=\"image.default\">\n\t\t\t\t<div class=\"elementor-widget-container\">\n\t\t\t\t\t\t\t\t\t\t\t\t\t\t\t<img decoding=\"async\" width=\"776\" height=\"485\" src=\"http:\/\/www.alamostudio.pl\/wp-content\/uploads\/2023\/03\/dsc_3391-1.jpg\" class=\"attachment-large size-large wp-image-58\" alt=\"\" loading=\"lazy\" srcset=\"http:\/\/www.alamostudio.pl\/wp-content\/uploads\/2023\/03\/dsc_3391-1.jpg 776w, http:\/\/www.alamostudio.pl\/wp-content\/uploads\/2023\/03\/dsc_3391-1-300x188.jpg 300w, http:\/\/www.alamostudio.pl\/wp-content\/uploads\/2023\/03\/dsc_3391-1-768x480.jpg 768w\" sizes=\"(max-width: 776px) 100vw, 776px\" \/>\t\t\t\t\t\t\t\t\t\t\t\t\t\t\t<\/div>\n\t\t\t\t<\/div>\n\t\t\t\t\t<\/div>\n\t\t<\/div>\n\t\t\t\t<div class=\"elementor-column elementor-col-50 elementor-inner-column elementor-element elementor-element-edca331\" data-id=\"edca331\" data-element_type=\"column\">\n\t\t\t<div class=\"elementor-widget-wrap elementor-element-populated\">\n\t\t\t\t\t\t\t\t<div class=\"elementor-element elementor-element-77fb230 elementor-widget elementor-widget-image\" data-id=\"77fb230\" data-element_type=\"widget\" data-widget_type=\"image.default\">\n\t\t\t\t<div class=\"elementor-widget-container\">\n\t\t\t\t\t\t\t\t\t\t\t\t\t\t\t<img decoding=\"async\" width=\"777\" height=\"485\" src=\"http:\/\/www.alamostudio.pl\/wp-content\/uploads\/2023\/03\/dsc_3400.jpg\" class=\"attachment-large size-large wp-image-57\" alt=\"\" loading=\"lazy\" srcset=\"http:\/\/www.alamostudio.pl\/wp-content\/uploads\/2023\/03\/dsc_3400.jpg 777w, http:\/\/www.alamostudio.pl\/wp-content\/uploads\/2023\/03\/dsc_3400-300x187.jpg 300w, http:\/\/www.alamostudio.pl\/wp-content\/uploads\/2023\/03\/dsc_3400-768x479.jpg 768w\" sizes=\"(max-width: 777px) 100vw, 777px\" \/>\t\t\t\t\t\t\t\t\t\t\t\t\t\t\t<\/div>\n\t\t\t\t<\/div>\n\t\t\t\t\t<\/div>\n\t\t<\/div>\n\t\t\t\t\t\t\t<\/div>\n\t\t<\/section>\n\t\t\t\t\t<\/div>\n\t\t<\/div>\n\t\t\t\t\t\t\t<\/div>\n\t\t<\/section>\n\t\t\t\t\t\t\t<\/div>\n\t\t","protected":false},"excerpt":{"rendered":"<p>O nas &#8211; ALAMO STUDIO Od pocz\u0105tku istnienia naszej marki skupiamy si\u0119 na obs\u0142udze dostaw, odpowiadaj\u0105c tym samym na specyficzne potrzeby i oczekiwania rynku gastronomicznego, w szczeg\u00f3lno\u015bci lokali oferuj\u0105cych posi\u0142ki na wynos. Dostawy obs\u0142ugujemy pracuj\u0105c w oparciu o model outsourcingu pracowniczego, w ramach kt\u00f3rego wsp\u00f3\u0142pracuj\u0105ce z nami lokale i punkty gastronomiczne uzyskuj\u0105 do swojej dyspozycji &hellip;<\/p>\n<p class=\"read-more\"> <a class=\"\" href=\"http:\/\/www.alamostudio.pl\/\"> <span class=\"screen-reader-text\">Home<\/span> Read More &raquo;<\/a><\/p>\n","protected":false},"author":1,"featured_media":0,"parent":0,"menu_order":0,"comment_status":"closed","ping_status":"open","template":"","meta":{"site-sidebar-layout":"default","site-content-layout":"default","ast-global-header-display":"","ast-main-header-display":"","ast-hfb-above-header-display":"","ast-hfb-below-header-display":"","ast-hfb-mobile-header-display":"","site-post-title":"disabled","ast-breadcrumbs-content":"","ast-featured-img":"","footer-sml-layout":"","theme-transparent-header-meta":"","adv-header-id-meta":"","stick-header-meta":"","header-above-stick-meta":"","header-main-stick-meta":"","header-below-stick-meta":""},"_links":{"self":[{"href":"http:\/\/www.alamostudio.pl\/index.php\/wp-json\/wp\/v2\/pages\/2"}],"collection":[{"href":"http:\/\/www.alamostudio.pl\/index.php\/wp-json\/wp\/v2\/pages"}],"about":[{"href":"http:\/\/www.alamostudio.pl\/index.php\/wp-json\/wp\/v2\/types\/page"}],"author":[{"embeddable":true,"href":"http:\/\/www.alamostudio.pl\/index.php\/wp-json\/wp\/v2\/users\/1"}],"replies":[{"embeddable":true,"href":"http:\/\/www.alamostudio.pl\/index.php\/wp-json\/wp\/v2\/comments?post=2"}],"version-history":[{"count":23,"href":"http:\/\/www.alamostudio.pl\/index.php\/wp-json\/wp\/v2\/pages\/2\/revisions"}],"predecessor-version":[{"id":132,"href":"http:\/\/www.alamostudio.pl\/index.php\/wp-json\/wp\/v2\/pages\/2\/revisions\/132"}],"wp:attachment":[{"href":"http:\/\/www.alamostudio.pl\/index.php\/wp-json\/wp\/v2\/media?parent=2"}],"curies":[{"name":"wp","href":"https:\/\/api.w.org\/{rel}","templated":true}]}}